{"id":196,"date":"2017-12-14T15:40:27","date_gmt":"2017-12-14T14:40:27","guid":{"rendered":"http:\/\/brandschutz-friedrich.de\/?page_id=196"},"modified":"2018-01-10T09:11:19","modified_gmt":"2018-01-10T08:11:19","slug":"flucht-und-rettungsplaene-nach-din-iso-23601","status":"publish","type":"page","link":"https:\/\/brandschutz-friedrich.de\/?page_id=196","title":{"rendered":"Flucht- und Rettungspl\u00e4ne nach DIN ISO 23601"},"content":{"rendered":"<p>Die Forderung nach Flucht- und Rettungspl\u00e4nen kommt zum einen aus \u00a74 der Arbeitsst\u00e4ttenverordnung (ArbSt\u00e4ttV), zum anderen auch aus der Arbeitsst\u00e4ttenrichtlinie ASR A2.3. Flucht- und Rettungspl\u00e4ne sind zu erstellen, sobald Lage, Ausdehnung und Art der Nutzung einer Arbeitsst\u00e4tte dies erfordern. <a href=\"https:\/\/brandschutz-friedrich.de\/?page_id=21\">Sprechen Sie uns an, ob Sie auch Flucht- und Rettungspl\u00e4ne ben\u00f6tigen. Wir beraten Sie gerne!<\/a><\/p>\n<hr \/>\n<p><strong>Folgende Forderung nach ASR A2.3:<\/strong><\/p>\n<blockquote><p>Flucht- und Rettungspl\u00e4ne k\u00f6nnen z. B. erforderlich sein:<br \/>\n&#8211; bei un\u00fcbersichtlicher Fluchtwegf\u00fchrung (z. B. \u00fcber Zwischengeschosse, durch<br \/>\ngr\u00f6\u00dfere R\u00e4ume, gewinkelte oder von den normalen Verkehrswegen abweichende<br \/>\nWegf\u00fchrung),<br \/>\n&#8211; bei einem hohen Anteil an ortsunkundigen Personen (z. B. Arbeitsst\u00e4tten mit<br \/>\nPublikumsverkehr) oder<br \/>\n&#8211; in Bereichen mit einer erh\u00f6hten Gef\u00e4hrdung (z. B. R\u00e4ume nach Punkt 5 (2) c) bis<br \/>\nf)), wenn sich aus benachbarten Arbeitsst\u00e4tten Gef\u00e4hrdungsm\u00f6glichkeiten<br \/>\nergeben (z. B. durch explosions- bzw. brandgef\u00e4hrdete Anlagen oder<br \/>\nStofffreisetzung).<\/p><\/blockquote>\n<p>&#8211; ASR A2.3, Ausgabe August 2007, f\u00fcnfte \u00c4nderung vom Januar 2017<\/p>\n<hr \/>\n<p><strong>Folgende Forderung nach ArbSt\u00e4ttV \u00a74, Abs. 4:<\/strong><\/p>\n<blockquote><p>(4) Der Arbeitgeber hat daf\u00fcr zu sorgen, dass Verkehrswege, Fluchtwege und Notausg\u00e4nge st\u00e4ndig freigehalten werden, damit sie jederzeit benutzbar sind. Der Arbeitgeber hat Vorkehrungen so zu treffen, dass die Besch\u00e4ftigten bei Gefahr sich unverz\u00fcglich in Sicherheit bringen und schnell gerettet werden k\u00f6nnen. Der Arbeitgeber hat einen Flucht- und Rettungsplan aufzustellen, wenn Lage, Ausdehnung und Art der Benutzung der Arbeitsst\u00e4tte dies erfordern. Der Plan ist an geeigneten Stellen in der Arbeitsst\u00e4tte auszulegen oder auszuh\u00e4ngen. In angemessenen Zeitabst\u00e4nden ist entsprechend diesem Plan zu \u00fcben.<\/p><\/blockquote>\n<p>&#8211; ArbSt\u00e4ttV \u00a74, Abs. 4, 2004<\/p>\n<p style=\"text-align: center;\">\n<!-- Buttons X - Start -->\n<style type=\"text\/css\" scoped>\/*399-start*\/\r\n#btnsx-399{margin-top:0px;margin-bottom:0px;margin-left:0px;margin-right:0px;padding-top:10px;padding-bottom:10px;padding-left:40px;padding-right:40px;}\r\n#btnsx-399 .btnsx-text-primary{font-size:30px;line-height:30px;font-weight:lighter;font-family:Tahoma;color:#0069b4;padding-top:0px;padding-bottom:0px;padding-left:0px;padding-right:0px;}\r\n#btnsx-399:hover .btnsx-text-primary{color:#ff0000;}\r\n#btnsx-399{background-color:#e0e0e0!important;}\r\n#btnsx-399:hover{background-color:#f4f4f4!important;}\r\n#btnsx-399{border-top-width:0px;border-bottom-width:0px;border-left-width:0px;border-right-width:0px;border-style:none;border-top-left-radius:25px;border-top-right-radius:25px;border-bottom-left-radius:25px;border-bottom-right-radius:25px;}\r\n#btnsx-399:hover{border-top-width:10px;border-bottom-width:10px;border-left-width:10px;border-right-width:10px;border-style:solid;border-top-left-radius:50px;border-top-right-radius:50px;border-bottom-left-radius:50px;border-bottom-right-radius:50px;}\r\n#btnsx-399{-webkit-box-shadow:0px ;box-shadow:0px ;}\r\n#btnsx-399:hover{-webkit-box-shadow:1px 1px 15px #999999  ;box-shadow:1px 1px 15px #999999  ;}\r\n\/*399-end*\/\r\n<\/style><div id=\"btnsx-399-wrap\" class=\"btnsx-wrap-center\" align=\"center\">\n<a href=\"https:\/\/brandschutz-friedrich.de\/?page_id=21#anfrageformular\" id=\"btnsx-399\" target=\"_blank\" class=\"btnsx-btn\"  data-font-primary=\"Tahoma\">\n\t<span class=\"btnsx-text-primary \">Jetzt online Anfrage stellen<\/span><\/a>\n<\/div>\n<!-- Buttons X - End -->\n<\/p>\n","protected":false},"excerpt":{"rendered":"<div class=\"slide-text-bg2\"><span>Die Forderung nach Flucht- und Rettungspl\u00e4nen kommt zum einen aus \u00a74 der Arbeitsst\u00e4ttenverordnung (ArbSt\u00e4ttV), zum anderen auch aus der Arbeitsst\u00e4tten<\/span><\/div>\n<div class=\"slide-btn-area-sm\"><a href=\"https:\/\/brandschutz-friedrich.de\/?page_id=196\" class=\"slide-btn-sm\">weiterlesen<\/a><\/div>\n","protected":false},"author":1,"featured_media":0,"parent":79,"menu_order":620,"comment_status":"closed","ping_status":"closed","template":"","meta":{"footnotes":""},"class_list":["post-196","page","type-page","status-publish","hentry"],"_links":{"self":[{"href":"https:\/\/brandschutz-friedrich.de\/index.php?rest_route=\/wp\/v2\/pages\/196"}],"collection":[{"href":"https:\/\/brandschutz-friedrich.de\/index.php?rest_route=\/wp\/v2\/pages"}],"about":[{"href":"https:\/\/brandschutz-friedrich.de\/index.php?rest_route=\/wp\/v2\/types\/page"}],"author":[{"embeddable":true,"href":"https:\/\/brandschutz-friedrich.de\/index.php?rest_route=\/wp\/v2\/users\/1"}],"replies":[{"embeddable":true,"href":"https:\/\/brandschutz-friedrich.de\/index.php?rest_route=%2Fwp%2Fv2%2Fcomments&post=196"}],"version-history":[{"count":8,"href":"https:\/\/brandschutz-friedrich.de\/index.php?rest_route=\/wp\/v2\/pages\/196\/revisions"}],"predecessor-version":[{"id":407,"href":"https:\/\/brandschutz-friedrich.de\/index.php?rest_route=\/wp\/v2\/pages\/196\/revisions\/407"}],"up":[{"embeddable":true,"href":"https:\/\/brandschutz-friedrich.de\/index.php?rest_route=\/wp\/v2\/pages\/79"}],"wp:attachment":[{"href":"https:\/\/brandschutz-friedrich.de\/index.php?rest_route=%2Fwp%2Fv2%2Fmedia&parent=196"}],"curies":[{"name":"wp","href":"https:\/\/api.w.org\/{rel}","templated":true}]}}