{"id":198,"date":"2017-12-14T15:41:04","date_gmt":"2017-12-14T14:41:04","guid":{"rendered":"http:\/\/brandschutz-friedrich.de\/?page_id=198"},"modified":"2018-01-10T09:12:19","modified_gmt":"2018-01-10T08:12:19","slug":"brandschutzordnung-nach-din-14096","status":"publish","type":"page","link":"https:\/\/brandschutz-friedrich.de\/?page_id=198","title":{"rendered":"Brandschutzordnung nach DIN 14096"},"content":{"rendered":"<p>Mit einer Brandschutzordnung werden die regeln f\u00fcr ein Verhalten im Brandfall festgeschrieben.<br \/>\nEine Brandschutzordnung gliedert sich in drei Teile: A, B und C.<\/p>\n<ul>\n<li>Teil A\n<ul>\n<li>\u00f6ffentlicher Aushang<\/li>\n<li>richtet sich an alle Personen<\/li>\n<\/ul>\n<\/li>\n<li>Teil B\n<ul>\n<li>richtet sich vor allem an die Mitarbeiter<\/li>\n<li>Mitarbeiter sind zu Unterweisen<\/li>\n<\/ul>\n<\/li>\n<li>Teil C\n<ul>\n<li>richtet sich an Mitarbeiter mit besonderen Brandschutzaufgaben<\/li>\n<li>entsprechend betreffende Personen sind zu Unterweisen<\/li>\n<\/ul>\n<\/li>\n<\/ul>\n<hr \/>\n<h2>Rechtsvorschriften und Norm:<\/h2>\n<p>Die nachstehend angegebenen Verordnungen sind Muster-Verordnungen, da diese auf Landesebene verschieden sein k\u00f6nnen. Die Muster-Verordnungen wurden auf Bundesebene als Muster festgelegt. <a href=\"https:\/\/brandschutz-friedrich.de\/?page_id=21\">Wenn Sie wissen m\u00f6chten, was f\u00fcr Sie gilt, sprechen Sie uns an!<\/a><\/p>\n<p><strong>DIN 14096<\/strong><\/p>\n<blockquote><p>Brandschutzordnung &#8211; Regeln f\u00fcr das Erstellen und Aush\u00e4ngen<\/p><\/blockquote>\n<hr \/>\n<p><strong>Muster &#8211; Beherbergungsst\u00e4ttenverordnung (MBeVO)<\/strong><\/p>\n<blockquote><p>F\u00fcr Beherbungsst\u00e4tten mit mehr als 60 Gastbetten sind im Einvernmehmen mit der f\u00fcr den Brandschutz zust\u00e4ndigen Dienststelle eine Brandschutzordnung zu erstellen und Feuerwehrpl\u00e4ne anzufertigen; die Feuerwehrpl\u00e4ne sind der \u00f6rtlichen Feuerwehr zur Verf\u00fcgung zu stellen.<\/p><\/blockquote>\n<p>&#8211; MBeVO \u00a712, Abs. 3 (Mai 2014)<\/p>\n<hr \/>\n<p><strong>Muster &#8211; Verkaufsst\u00e4ttenverordnung (MVKVO)<\/strong><\/p>\n<blockquote><p>Der Betreiber einer Veraufsst\u00e4tte hat im Einvernehmen mit der Brandschutzdienststelle eine Brandschutzordnung aufzustellen.<\/p><\/blockquote>\n<p>&#8211; MVKVO \u00a727, Abs. 1 (Juli 2014)<\/p>\n<hr \/>\n<p><strong>Muster &#8211; Versammlungsst\u00e4ttenverordnung (MVSt\u00e4ttVO)<\/strong><\/p>\n<blockquote><p>Der Betreiber oder ein vom ihm Beauftragter hat im Einvernehmen mit der Brandschutzdienststelle eine Brandschutzordnung aufzustellen und durch Aushang bekannt zu machen.<\/p><\/blockquote>\n<p>&#8211; MVSt\u00e4ttVO \u00a742 , Abs. 1 (Februar 2010)<\/p>\n<hr \/>\n<p><strong>Muster &#8211; Schulbau-Richtlinie (MSchulbauR)<\/strong><\/p>\n<blockquote><p>Der Betreiber der Schule muss im Einvernehmen mit der f\u00fcr den Brandschutz zust\u00e4ndigen Dienststelle Feuerwehrpl\u00e4ne und eine Brandschutzordnung anfertigen und der \u00f6rtlichen Feuerwehr zur Verf\u00fcgung stellen.<\/p><\/blockquote>\n<p>&#8211; MSchulbauR Kapitel 11 (April 2009)<\/p>\n<hr \/>\n<p><strong>Muster &#8211; Hochhausrichtlinie (MHHR)<\/strong><\/p>\n<blockquote><p>Im Einvernehmen mit der Brandschutzdienststelle ist eine Brandschutzordnung aufzustellen und durch Aushang bekannt zu machen.<\/p><\/blockquote>\n<p>&#8211; MHHR Kapitel 9.2.1 (Februar 2012)<\/p>\n<hr \/>\n<p><strong>Muster &#8211; Krankenhausbauverordnung<\/strong><\/p>\n<blockquote><p>Der Betreiber des Krankenhauses hat im Einvernehmen mit der f\u00fcr den Brandschutz zust\u00e4ndigen Beh\u00f6rde eine Brandschutzordnung aufzustellen.<\/p><\/blockquote>\n<p>&#8211; MKhBauVO \u00a736, Abs. 3 (Dezember 1976)<\/p>\n<p style=\"text-align: center;\">\n<!-- Buttons X - Start -->\n<style type=\"text\/css\" scoped>\/*399-start*\/\r\n#btnsx-399{margin-top:0px;margin-bottom:0px;margin-left:0px;margin-right:0px;padding-top:10px;padding-bottom:10px;padding-left:40px;padding-right:40px;}\r\n#btnsx-399 .btnsx-text-primary{font-size:30px;line-height:30px;font-weight:lighter;font-family:Tahoma;color:#0069b4;padding-top:0px;padding-bottom:0px;padding-left:0px;padding-right:0px;}\r\n#btnsx-399:hover .btnsx-text-primary{color:#ff0000;}\r\n#btnsx-399{background-color:#e0e0e0!important;}\r\n#btnsx-399:hover{background-color:#f4f4f4!important;}\r\n#btnsx-399{border-top-width:0px;border-bottom-width:0px;border-left-width:0px;border-right-width:0px;border-style:none;border-top-left-radius:25px;border-top-right-radius:25px;border-bottom-left-radius:25px;border-bottom-right-radius:25px;}\r\n#btnsx-399:hover{border-top-width:10px;border-bottom-width:10px;border-left-width:10px;border-right-width:10px;border-style:solid;border-top-left-radius:50px;border-top-right-radius:50px;border-bottom-left-radius:50px;border-bottom-right-radius:50px;}\r\n#btnsx-399{-webkit-box-shadow:0px ;box-shadow:0px ;}\r\n#btnsx-399:hover{-webkit-box-shadow:1px 1px 15px #999999  ;box-shadow:1px 1px 15px #999999  ;}\r\n\/*399-end*\/\r\n<\/style><div id=\"btnsx-399-wrap\" class=\"btnsx-wrap-center\" align=\"center\">\n<a href=\"https:\/\/brandschutz-friedrich.de\/?page_id=21#anfrageformular\" id=\"btnsx-399\" target=\"_blank\" class=\"btnsx-btn\"  data-font-primary=\"Tahoma\">\n\t<span class=\"btnsx-text-primary \">Jetzt online Anfrage stellen<\/span><\/a>\n<\/div>\n<!-- Buttons X - End -->\n<\/p>\n","protected":false},"excerpt":{"rendered":"<div class=\"slide-text-bg2\"><span>Mit einer Brandschutzordnung werden die regeln f\u00fcr ein Verhalten im Brandfall festgeschrieben. Eine Brandschutzordnung gliedert sich in drei Teile: A, B u<\/span><\/div>\n<div class=\"slide-btn-area-sm\"><a href=\"https:\/\/brandschutz-friedrich.de\/?page_id=198\" class=\"slide-btn-sm\">weiterlesen<\/a><\/div>\n","protected":false},"author":1,"featured_media":0,"parent":79,"menu_order":630,"comment_status":"closed","ping_status":"closed","template":"","meta":{"footnotes":""},"class_list":["post-198","page","type-page","status-publish","hentry"],"_links":{"self":[{"href":"https:\/\/brandschutz-friedrich.de\/index.php?rest_route=\/wp\/v2\/pages\/198"}],"collection":[{"href":"https:\/\/brandschutz-friedrich.de\/index.php?rest_route=\/wp\/v2\/pages"}],"about":[{"href":"https:\/\/brandschutz-friedrich.de\/index.php?rest_route=\/wp\/v2\/types\/page"}],"author":[{"embeddable":true,"href":"https:\/\/brandschutz-friedrich.de\/index.php?rest_route=\/wp\/v2\/users\/1"}],"replies":[{"embeddable":true,"href":"https:\/\/brandschutz-friedrich.de\/index.php?rest_route=%2Fwp%2Fv2%2Fcomments&post=198"}],"version-history":[{"count":10,"href":"https:\/\/brandschutz-friedrich.de\/index.php?rest_route=\/wp\/v2\/pages\/198\/revisions"}],"predecessor-version":[{"id":408,"href":"https:\/\/brandschutz-friedrich.de\/index.php?rest_route=\/wp\/v2\/pages\/198\/revisions\/408"}],"up":[{"embeddable":true,"href":"https:\/\/brandschutz-friedrich.de\/index.php?rest_route=\/wp\/v2\/pages\/79"}],"wp:attachment":[{"href":"https:\/\/brandschutz-friedrich.de\/index.php?rest_route=%2Fwp%2Fv2%2Fmedia&parent=198"}],"curies":[{"name":"wp","href":"https:\/\/api.w.org\/{rel}","templated":true}]}}