{"id":200,"date":"2017-12-14T15:41:44","date_gmt":"2017-12-14T14:41:44","guid":{"rendered":"http:\/\/brandschutz-friedrich.de\/?page_id=200"},"modified":"2018-01-10T09:06:39","modified_gmt":"2018-01-10T08:06:39","slug":"brandschutzkonzepte-pruefung-und-entwicklung","status":"publish","type":"page","link":"https:\/\/brandschutz-friedrich.de\/?page_id=200","title":{"rendered":"Brandschutzkonzepte &#8211; Pr\u00fcfung und Entwicklung"},"content":{"rendered":"<p>Das Brandschutzkonzept stellt neben den Architektenpl\u00e4nen die Grundlage f\u00fcr die weitere Planung und die Ausf\u00fchrung des Brandschutzes in einem Geb\u00e4ude dar. Wichtig ist in diesem Zusammenhang, dass der Brandschutz so fr\u00fch wie m\u00f6glich mitbetrachtet werden muss. Im sp\u00e4teren Verlauf sind Anpassungen der Planung immer sehr schwierig und h\u00e4ufig kostspielig. Als bekanntestes Beispiel hierf\u00fcr ist der Berliner Flughafen anzusehen.<\/p>\n<p>Ein Brandschutzkonzept besteht aus verschiedenen Elementen. Zun\u00e4chst wird das Geb\u00e4ude und die gegebenen Voraussetzungen analysiert. Die dabei gewonnenen Erkenntnisse bilden die Basis f\u00fcr die weitere Konzeption. Nun erfolgt der Abgleich mit den Bauvorschriften und Normen. Die einzelnen Bauteile werden klassifiziert und beschrieben. Neben dem eigentlichen Bauk\u00f6rper findet jedoch auch der anlagentechnische, der organisatorische und der abwehrende Brandschutz Beachtung. Wichtige Schnittstellen z.B. zur technische Geb\u00e4udeausr\u00fcstung werden definiert.<\/p>\n<p>Die Erstellung eines Brandschutzkonzeptes f\u00fcr ein Geb\u00e4ude wird dann erforderlich, wenn von den baurechtlichen Anforderungen abgewichen werden soll.<br \/>\noder es sich um ein Geb\u00e4ude besonderer Art und Nutzung (zum Beispiel Industriebau, Sportstadion, Mehrzweckhalle, Krankenhaus etc.) handelt.<\/p>\n<p>Dabei ist es egal, ob es sich um einen Neubau oder eine Nutzungs\u00e4nderung im Bestand handelt.<\/p>\n<p style=\"text-align: center;\">\n<!-- Buttons X - Start -->\n<style type=\"text\/css\" scoped>\/*399-start*\/\r\n#btnsx-399{margin-top:0px;margin-bottom:0px;margin-left:0px;margin-right:0px;padding-top:10px;padding-bottom:10px;padding-left:40px;padding-right:40px;}\r\n#btnsx-399 .btnsx-text-primary{font-size:30px;line-height:30px;font-weight:lighter;font-family:Tahoma;color:#0069b4;padding-top:0px;padding-bottom:0px;padding-left:0px;padding-right:0px;}\r\n#btnsx-399:hover .btnsx-text-primary{color:#ff0000;}\r\n#btnsx-399{background-color:#e0e0e0!important;}\r\n#btnsx-399:hover{background-color:#f4f4f4!important;}\r\n#btnsx-399{border-top-width:0px;border-bottom-width:0px;border-left-width:0px;border-right-width:0px;border-style:none;border-top-left-radius:25px;border-top-right-radius:25px;border-bottom-left-radius:25px;border-bottom-right-radius:25px;}\r\n#btnsx-399:hover{border-top-width:10px;border-bottom-width:10px;border-left-width:10px;border-right-width:10px;border-style:solid;border-top-left-radius:50px;border-top-right-radius:50px;border-bottom-left-radius:50px;border-bottom-right-radius:50px;}\r\n#btnsx-399{-webkit-box-shadow:0px ;box-shadow:0px ;}\r\n#btnsx-399:hover{-webkit-box-shadow:1px 1px 15px #999999  ;box-shadow:1px 1px 15px #999999  ;}\r\n\/*399-end*\/\r\n<\/style><div id=\"btnsx-399-wrap\" class=\"btnsx-wrap-center\" align=\"center\">\n<a href=\"https:\/\/brandschutz-friedrich.de\/?page_id=21#anfrageformular\" id=\"btnsx-399\" target=\"_blank\" class=\"btnsx-btn\"  data-font-primary=\"Tahoma\">\n\t<span class=\"btnsx-text-primary \">Jetzt online Anfrage stellen<\/span><\/a>\n<\/div>\n<!-- Buttons X - End -->\n<\/p>\n","protected":false},"excerpt":{"rendered":"<div class=\"slide-text-bg2\"><span>Das Brandschutzkonzept stellt neben den Architektenpl\u00e4nen die Grundlage f\u00fcr die weitere Planung und die Ausf\u00fchrung des Brandschutzes in einem Geb\u00e4ude d<\/span><\/div>\n<div class=\"slide-btn-area-sm\"><a href=\"https:\/\/brandschutz-friedrich.de\/?page_id=200\" class=\"slide-btn-sm\">weiterlesen<\/a><\/div>\n","protected":false},"author":1,"featured_media":0,"parent":75,"menu_order":460,"comment_status":"closed","ping_status":"closed","template":"","meta":{"footnotes":""},"class_list":["post-200","page","type-page","status-publish","hentry"],"_links":{"self":[{"href":"https:\/\/brandschutz-friedrich.de\/index.php?rest_route=\/wp\/v2\/pages\/200"}],"collection":[{"href":"https:\/\/brandschutz-friedrich.de\/index.php?rest_route=\/wp\/v2\/pages"}],"about":[{"href":"https:\/\/brandschutz-friedrich.de\/index.php?rest_route=\/wp\/v2\/types\/page"}],"author":[{"embeddable":true,"href":"https:\/\/brandschutz-friedrich.de\/index.php?rest_route=\/wp\/v2\/users\/1"}],"replies":[{"embeddable":true,"href":"https:\/\/brandschutz-friedrich.de\/index.php?rest_route=%2Fwp%2Fv2%2Fcomments&post=200"}],"version-history":[{"count":4,"href":"https:\/\/brandschutz-friedrich.de\/index.php?rest_route=\/wp\/v2\/pages\/200\/revisions"}],"predecessor-version":[{"id":403,"href":"https:\/\/brandschutz-friedrich.de\/index.php?rest_route=\/wp\/v2\/pages\/200\/revisions\/403"}],"up":[{"embeddable":true,"href":"https:\/\/brandschutz-friedrich.de\/index.php?rest_route=\/wp\/v2\/pages\/75"}],"wp:attachment":[{"href":"https:\/\/brandschutz-friedrich.de\/index.php?rest_route=%2Fwp%2Fv2%2Fmedia&parent=200"}],"curies":[{"name":"wp","href":"https:\/\/api.w.org\/{rel}","templated":true}]}}