{"id":218,"date":"2017-12-14T15:46:56","date_gmt":"2017-12-14T14:46:56","guid":{"rendered":"http:\/\/brandschutz-friedrich.de\/?page_id=218"},"modified":"2018-01-10T09:29:50","modified_gmt":"2018-01-10T08:29:50","slug":"v-ausfuehrungsplanung","status":"publish","type":"page","link":"https:\/\/brandschutz-friedrich.de\/?page_id=218","title":{"rendered":"V &#8211; Ausf\u00fchrungsplanung"},"content":{"rendered":"<h1>LP V \u2013 Ausf\u00fchrungsplanung<\/h1>\n<ul>\n<li>Pr\u00fcfen der Baugenehmigung auf einen ggf. gebotenen Widerspruch bezogen auf das Brandschutzkonzept.<\/li>\n<li>Beraten bei Anfragen der Objekt- und Fachplaner hinsichtlich der integrierten brandschutztechnischen Fachleistung bis zur ausf\u00fchrungsreifen L\u00f6sung auf Basis des genehmigten Brandschutzkonzepts einschlie\u00dflich der Auflagen der Genehmigung.<\/li>\n<li>Erstellen der Brandfallsteuermatrix.<\/li>\n<li>Mitwirken bei der Koordination der Fachplanung an brandschutzrelevanten Schnittstellen.<\/li>\n<li>Mitwirkung bei Feststellung der Eignung vorgelegter Verwendbarkeitsnachweise f\u00fcr die Einbausituation.<\/li>\n<li>Pr\u00fcfen, inwieweit zus\u00e4tzliche genehmigungspflichtige Sachverhalte entstanden sind.<\/li>\n<li>Zusammenstellen der Ergebnisse.<\/li>\n<\/ul>\n<p><em>\u2013 aufgestellt nach Leistungsbild und Honorierung, Nr. 17 (Leistungen f\u00fcr Brandschutz), AHO-Fachkommission \u201eBrandschutz\u201c, Stand Juni 2015, S. 25-28<\/em><\/p>\n<p style=\"text-align: center;\">\n<!-- Buttons X - Start -->\n<style type=\"text\/css\" scoped>\/*399-start*\/\r\n#btnsx-399{margin-top:0px;margin-bottom:0px;margin-left:0px;margin-right:0px;padding-top:10px;padding-bottom:10px;padding-left:40px;padding-right:40px;}\r\n#btnsx-399 .btnsx-text-primary{font-size:30px;line-height:30px;font-weight:lighter;font-family:Tahoma;color:#0069b4;padding-top:0px;padding-bottom:0px;padding-left:0px;padding-right:0px;}\r\n#btnsx-399:hover .btnsx-text-primary{color:#ff0000;}\r\n#btnsx-399{background-color:#e0e0e0!important;}\r\n#btnsx-399:hover{background-color:#f4f4f4!important;}\r\n#btnsx-399{border-top-width:0px;border-bottom-width:0px;border-left-width:0px;border-right-width:0px;border-style:none;border-top-left-radius:25px;border-top-right-radius:25px;border-bottom-left-radius:25px;border-bottom-right-radius:25px;}\r\n#btnsx-399:hover{border-top-width:10px;border-bottom-width:10px;border-left-width:10px;border-right-width:10px;border-style:solid;border-top-left-radius:50px;border-top-right-radius:50px;border-bottom-left-radius:50px;border-bottom-right-radius:50px;}\r\n#btnsx-399{-webkit-box-shadow:0px ;box-shadow:0px ;}\r\n#btnsx-399:hover{-webkit-box-shadow:1px 1px 15px #999999  ;box-shadow:1px 1px 15px #999999  ;}\r\n\/*399-end*\/\r\n<\/style><div id=\"btnsx-399-wrap\" class=\"btnsx-wrap-center\" align=\"center\">\n<a href=\"https:\/\/brandschutz-friedrich.de\/?page_id=21#anfrageformular\" id=\"btnsx-399\" target=\"_blank\" class=\"btnsx-btn\"  data-font-primary=\"Tahoma\">\n\t<span class=\"btnsx-text-primary \">Jetzt online Anfrage stellen<\/span><\/a>\n<\/div>\n<!-- Buttons X - End -->\n<\/p>\n","protected":false},"excerpt":{"rendered":"<div class=\"slide-text-bg2\"><span>LP V \u2013 Ausf\u00fchrungsplanung Pr\u00fcfen der Baugenehmigung auf einen ggf. gebotenen Widerspruch bezogen auf das Brandschutzkonzept. Beraten bei Anfragen der O<\/span><\/div>\n<div class=\"slide-btn-area-sm\"><a href=\"https:\/\/brandschutz-friedrich.de\/?page_id=218\" class=\"slide-btn-sm\">weiterlesen<\/a><\/div>\n","protected":false},"author":1,"featured_media":0,"parent":208,"menu_order":850,"comment_status":"closed","ping_status":"closed","template":"","meta":{"footnotes":""},"class_list":["post-218","page","type-page","status-publish","hentry"],"_links":{"self":[{"href":"https:\/\/brandschutz-friedrich.de\/index.php?rest_route=\/wp\/v2\/pages\/218"}],"collection":[{"href":"https:\/\/brandschutz-friedrich.de\/index.php?rest_route=\/wp\/v2\/pages"}],"about":[{"href":"https:\/\/brandschutz-friedrich.de\/index.php?rest_route=\/wp\/v2\/types\/page"}],"author":[{"embeddable":true,"href":"https:\/\/brandschutz-friedrich.de\/index.php?rest_route=\/wp\/v2\/users\/1"}],"replies":[{"embeddable":true,"href":"https:\/\/brandschutz-friedrich.de\/index.php?rest_route=%2Fwp%2Fv2%2Fcomments&post=218"}],"version-history":[{"count":3,"href":"https:\/\/brandschutz-friedrich.de\/index.php?rest_route=\/wp\/v2\/pages\/218\/revisions"}],"predecessor-version":[{"id":415,"href":"https:\/\/brandschutz-friedrich.de\/index.php?rest_route=\/wp\/v2\/pages\/218\/revisions\/415"}],"up":[{"embeddable":true,"href":"https:\/\/brandschutz-friedrich.de\/index.php?rest_route=\/wp\/v2\/pages\/208"}],"wp:attachment":[{"href":"https:\/\/brandschutz-friedrich.de\/index.php?rest_route=%2Fwp%2Fv2%2Fmedia&parent=218"}],"curies":[{"name":"wp","href":"https:\/\/api.w.org\/{rel}","templated":true}]}}