{"id":220,"date":"2017-12-14T15:47:27","date_gmt":"2017-12-14T14:47:27","guid":{"rendered":"http:\/\/brandschutz-friedrich.de\/?page_id=220"},"modified":"2018-01-10T09:30:29","modified_gmt":"2018-01-10T08:30:29","slug":"vi-vorbereiten-der-vergabe","status":"publish","type":"page","link":"https:\/\/brandschutz-friedrich.de\/?page_id=220","title":{"rendered":"VI &#8211; Vorbereiten der Vergabe"},"content":{"rendered":"<h1>LP VI \u2013 Vorbereiten der Vergabe<\/h1>\n<blockquote><p>F\u00fcr die Phase 6 wurde nunmehr auch das &#8222;Beraten der Objekt- und Fachplaner bei der Erstellung der brandschuztechnischen Teile des Leistungsverzeichnisses&#8220; als Besondere Leistung ausgewiesen, da diese Beratung als Erkenntnis aus fr\u00fcheren Fassungen dieses Heftes nicht regelm\u00e4\u00dfig bei allen Projekten angefragt wurde und damit nicht eine Grundleistung rechtfertigt. Die weiteren Besonderen Leistungen sind unver\u00e4ndert aus den fr\u00fcheren Fassungen des Heftes fortgef\u00fchrt.<\/p><\/blockquote>\n<p><em>\u2013 Leistungsbild und Honorierung, Nr. 17 (Leistungen f\u00fcr Brandschutz), AHO-Fachkommission \u201eBrandschutz\u201c, Stand Juni 2015, S. 28<\/em><\/p>\n<p style=\"text-align: center;\">\n<!-- Buttons X - Start -->\n<style type=\"text\/css\" scoped>\/*399-start*\/\r\n#btnsx-399{margin-top:0px;margin-bottom:0px;margin-left:0px;margin-right:0px;padding-top:10px;padding-bottom:10px;padding-left:40px;padding-right:40px;}\r\n#btnsx-399 .btnsx-text-primary{font-size:30px;line-height:30px;font-weight:lighter;font-family:Tahoma;color:#0069b4;padding-top:0px;padding-bottom:0px;padding-left:0px;padding-right:0px;}\r\n#btnsx-399:hover .btnsx-text-primary{color:#ff0000;}\r\n#btnsx-399{background-color:#e0e0e0!important;}\r\n#btnsx-399:hover{background-color:#f4f4f4!important;}\r\n#btnsx-399{border-top-width:0px;border-bottom-width:0px;border-left-width:0px;border-right-width:0px;border-style:none;border-top-left-radius:25px;border-top-right-radius:25px;border-bottom-left-radius:25px;border-bottom-right-radius:25px;}\r\n#btnsx-399:hover{border-top-width:10px;border-bottom-width:10px;border-left-width:10px;border-right-width:10px;border-style:solid;border-top-left-radius:50px;border-top-right-radius:50px;border-bottom-left-radius:50px;border-bottom-right-radius:50px;}\r\n#btnsx-399{-webkit-box-shadow:0px ;box-shadow:0px ;}\r\n#btnsx-399:hover{-webkit-box-shadow:1px 1px 15px #999999  ;box-shadow:1px 1px 15px #999999  ;}\r\n\/*399-end*\/\r\n<\/style><div id=\"btnsx-399-wrap\" class=\"btnsx-wrap-center\" align=\"center\">\n<a href=\"https:\/\/brandschutz-friedrich.de\/?page_id=21#anfrageformular\" id=\"btnsx-399\" target=\"_blank\" class=\"btnsx-btn\"  data-font-primary=\"Tahoma\">\n\t<span class=\"btnsx-text-primary \">Jetzt online Anfrage stellen<\/span><\/a>\n<\/div>\n<!-- Buttons X - End -->\n<\/p>\n","protected":false},"excerpt":{"rendered":"<div class=\"slide-text-bg2\"><span>LP VI \u2013 Vorbereiten der Vergabe F\u00fcr die Phase 6 wurde nunmehr auch das &#8222;Beraten der Objekt- und Fachplaner bei der Erstellung der brandschuztechni<\/span><\/div>\n<div class=\"slide-btn-area-sm\"><a href=\"https:\/\/brandschutz-friedrich.de\/?page_id=220\" class=\"slide-btn-sm\">weiterlesen<\/a><\/div>\n","protected":false},"author":1,"featured_media":0,"parent":208,"menu_order":860,"comment_status":"closed","ping_status":"closed","template":"","meta":{"footnotes":""},"class_list":["post-220","page","type-page","status-publish","hentry"],"_links":{"self":[{"href":"https:\/\/brandschutz-friedrich.de\/index.php?rest_route=\/wp\/v2\/pages\/220"}],"collection":[{"href":"https:\/\/brandschutz-friedrich.de\/index.php?rest_route=\/wp\/v2\/pages"}],"about":[{"href":"https:\/\/brandschutz-friedrich.de\/index.php?rest_route=\/wp\/v2\/types\/page"}],"author":[{"embeddable":true,"href":"https:\/\/brandschutz-friedrich.de\/index.php?rest_route=\/wp\/v2\/users\/1"}],"replies":[{"embeddable":true,"href":"https:\/\/brandschutz-friedrich.de\/index.php?rest_route=%2Fwp%2Fv2%2Fcomments&post=220"}],"version-history":[{"count":5,"href":"https:\/\/brandschutz-friedrich.de\/index.php?rest_route=\/wp\/v2\/pages\/220\/revisions"}],"predecessor-version":[{"id":416,"href":"https:\/\/brandschutz-friedrich.de\/index.php?rest_route=\/wp\/v2\/pages\/220\/revisions\/416"}],"up":[{"embeddable":true,"href":"https:\/\/brandschutz-friedrich.de\/index.php?rest_route=\/wp\/v2\/pages\/208"}],"wp:attachment":[{"href":"https:\/\/brandschutz-friedrich.de\/index.php?rest_route=%2Fwp%2Fv2%2Fmedia&parent=220"}],"curies":[{"name":"wp","href":"https:\/\/api.w.org\/{rel}","templated":true}]}}