{"id":224,"date":"2017-12-14T15:48:27","date_gmt":"2017-12-14T14:48:27","guid":{"rendered":"http:\/\/brandschutz-friedrich.de\/?page_id=224"},"modified":"2018-01-10T09:31:52","modified_gmt":"2018-01-10T08:31:52","slug":"viii-objektueberwachung","status":"publish","type":"page","link":"https:\/\/brandschutz-friedrich.de\/?page_id=224","title":{"rendered":"VIII &#8211; Objekt\u00fcberwachung"},"content":{"rendered":"<h1>LP VIII \u2013 Objekt\u00fcberwachung<\/h1>\n<ul>\n<li>Pr\u00fcfen der Ausf\u00fchrung des Objektes auf prinzipielle \u00dcbereinstimmung mit dem genehmigten Brandschutzkonzept einschlie\u00dflich der Auflagen aus der Genehmigung an bis zu drei (flexibel zu vereinbaren) Begehungseinheiten.<\/li>\n<li>Kontrolle der vorgelegten Verwendbarkeitsnachweise und Bescheinigungen zum baulichen Brandschutz.<\/li>\n<li>Pr\u00fcfen der Plausibilit\u00e4t der Sachverst\u00e4ndigenbescheinigungen oder Sachkundigenbest\u00e4tigungen f\u00fcr die brandschutzrelevanten Anlagen auf Schnittstellen.<\/li>\n<li>Mitwirken bei der Vorbereitung von beh\u00f6rdlichen Pr\u00fcfungen\/Begehungen und Teilnahme daran.<\/li>\n<li>Erstellen eines Statusberichts einschlie\u00dflich Bewerten der M\u00f6glichkeiten f\u00fcr die Inbetriebnahme.<\/li>\n<\/ul>\n<p><em>\u2013 aufgestellt nach Leistungsbild und Honorierung, Nr. 17 (Leistungen f\u00fcr Brandschutz), AHO-Fachkommission \u201eBrandschutz\u201c, Stand Juni 2015, S. 28-31<\/em><\/p>\n<p style=\"text-align: center;\">\n<!-- Buttons X - Start -->\n<style type=\"text\/css\" scoped>\/*399-start*\/\r\n#btnsx-399{margin-top:0px;margin-bottom:0px;margin-left:0px;margin-right:0px;padding-top:10px;padding-bottom:10px;padding-left:40px;padding-right:40px;}\r\n#btnsx-399 .btnsx-text-primary{font-size:30px;line-height:30px;font-weight:lighter;font-family:Tahoma;color:#0069b4;padding-top:0px;padding-bottom:0px;padding-left:0px;padding-right:0px;}\r\n#btnsx-399:hover .btnsx-text-primary{color:#ff0000;}\r\n#btnsx-399{background-color:#e0e0e0!important;}\r\n#btnsx-399:hover{background-color:#f4f4f4!important;}\r\n#btnsx-399{border-top-width:0px;border-bottom-width:0px;border-left-width:0px;border-right-width:0px;border-style:none;border-top-left-radius:25px;border-top-right-radius:25px;border-bottom-left-radius:25px;border-bottom-right-radius:25px;}\r\n#btnsx-399:hover{border-top-width:10px;border-bottom-width:10px;border-left-width:10px;border-right-width:10px;border-style:solid;border-top-left-radius:50px;border-top-right-radius:50px;border-bottom-left-radius:50px;border-bottom-right-radius:50px;}\r\n#btnsx-399{-webkit-box-shadow:0px ;box-shadow:0px ;}\r\n#btnsx-399:hover{-webkit-box-shadow:1px 1px 15px #999999  ;box-shadow:1px 1px 15px #999999  ;}\r\n\/*399-end*\/\r\n<\/style><div id=\"btnsx-399-wrap\" class=\"btnsx-wrap-center\" align=\"center\">\n<a href=\"https:\/\/brandschutz-friedrich.de\/?page_id=21#anfrageformular\" id=\"btnsx-399\" target=\"_blank\" class=\"btnsx-btn\"  data-font-primary=\"Tahoma\">\n\t<span class=\"btnsx-text-primary \">Jetzt online Anfrage stellen<\/span><\/a>\n<\/div>\n<!-- Buttons X - End -->\n<\/p>\n","protected":false},"excerpt":{"rendered":"<div class=\"slide-text-bg2\"><span>LP VIII \u2013 Objekt\u00fcberwachung Pr\u00fcfen der Ausf\u00fchrung des Objektes auf prinzipielle \u00dcbereinstimmung mit dem genehmigten Brandschutzkonzept einschlie\u00dflic<\/span><\/div>\n<div class=\"slide-btn-area-sm\"><a href=\"https:\/\/brandschutz-friedrich.de\/?page_id=224\" class=\"slide-btn-sm\">weiterlesen<\/a><\/div>\n","protected":false},"author":1,"featured_media":0,"parent":208,"menu_order":880,"comment_status":"closed","ping_status":"closed","template":"","meta":{"footnotes":""},"class_list":["post-224","page","type-page","status-publish","hentry"],"_links":{"self":[{"href":"https:\/\/brandschutz-friedrich.de\/index.php?rest_route=\/wp\/v2\/pages\/224"}],"collection":[{"href":"https:\/\/brandschutz-friedrich.de\/index.php?rest_route=\/wp\/v2\/pages"}],"about":[{"href":"https:\/\/brandschutz-friedrich.de\/index.php?rest_route=\/wp\/v2\/types\/page"}],"author":[{"embeddable":true,"href":"https:\/\/brandschutz-friedrich.de\/index.php?rest_route=\/wp\/v2\/users\/1"}],"replies":[{"embeddable":true,"href":"https:\/\/brandschutz-friedrich.de\/index.php?rest_route=%2Fwp%2Fv2%2Fcomments&post=224"}],"version-history":[{"count":4,"href":"https:\/\/brandschutz-friedrich.de\/index.php?rest_route=\/wp\/v2\/pages\/224\/revisions"}],"predecessor-version":[{"id":418,"href":"https:\/\/brandschutz-friedrich.de\/index.php?rest_route=\/wp\/v2\/pages\/224\/revisions\/418"}],"up":[{"embeddable":true,"href":"https:\/\/brandschutz-friedrich.de\/index.php?rest_route=\/wp\/v2\/pages\/208"}],"wp:attachment":[{"href":"https:\/\/brandschutz-friedrich.de\/index.php?rest_route=%2Fwp%2Fv2%2Fmedia&parent=224"}],"curies":[{"name":"wp","href":"https:\/\/api.w.org\/{rel}","templated":true}]}}