{"id":24,"date":"2017-12-12T09:48:43","date_gmt":"2017-12-12T09:48:43","guid":{"rendered":"http:\/\/brandschutz-friedrich.de\/?page_id=24"},"modified":"2018-01-08T09:58:31","modified_gmt":"2018-01-08T08:58:31","slug":"ueber-uns","status":"publish","type":"page","link":"https:\/\/brandschutz-friedrich.de\/?page_id=24","title":{"rendered":"\u00dcber uns"},"content":{"rendered":"<h1>Brandschutz Friedrich<\/h1>\n<hr \/>\n<p>Wir sind kompetenter und ehrlicher Partner in Sachen Brandschutz. Egal, ob Sie eine Beratung ben\u00f6tigen oder eine komplette Planungsleistung mit Fachbauleitung bei einem Neubauprojekt. Wir sind f\u00fcr Sie da. Unser anliegen ist Ihre Sicherheit!<\/p>\n<h3>Unsere Ziele:<\/h3>\n<p>Unser Ziel ist es, Personen, sowie Ihre Sachwerte zu sch\u00fctzen. Im Brandfall sind der vorbeugende, organisatorische und anlagentechnische Brandschutz von elementarer Bedeutung.<\/p>\n<h3>Das ist uns Wichtig:<\/h3>\n<p>Uns liegt es am Herzen, Sie kompetent, ehrlich und unabh\u00e4ngig zu beraten. Wir zeigen Ihnen verschiedene L\u00f6sungsans\u00e4tze f\u00fcr Probleme auf und erarbeiten mit Ihnen zusammen die f\u00fcr Sie g\u00fcnstigste L\u00f6sung. Bei uns ist der Kunde noch K\u00f6nig und wenn Sie ein Problem haben, sind wir f\u00fcr Sie da.<\/p>\n<h3>Transparenz:<\/h3>\n<p>Wir wollen f\u00fcr Sie Transparenz schaffen! Ein Beispiel daf\u00fcr ist, dass wir unsere Angebote nach der Honorarordnung (AHO Brandschutz) berechnen und Ihnen auf Wunsch ganz genau aufzeigen k\u00f6nnen, wie sich welcher Preis zusammensetzt.<\/p>\n","protected":false},"excerpt":{"rendered":"<div class=\"slide-text-bg2\"><span>Brandschutz Friedrich Wir sind kompetenter und ehrlicher Partner in Sachen Brandschutz. Egal, ob Sie eine Beratung ben\u00f6tigen oder eine komplette Planungsl<\/span><\/div>\n<div class=\"slide-btn-area-sm\"><a href=\"https:\/\/brandschutz-friedrich.de\/?page_id=24\" class=\"slide-btn-sm\">weiterlesen<\/a><\/div>\n","protected":false},"author":1,"featured_media":0,"parent":0,"menu_order":100,"comment_status":"closed","ping_status":"closed","template":"","meta":{"footnotes":""},"class_list":["post-24","page","type-page","status-publish","hentry"],"_links":{"self":[{"href":"https:\/\/brandschutz-friedrich.de\/index.php?rest_route=\/wp\/v2\/pages\/24"}],"collection":[{"href":"https:\/\/brandschutz-friedrich.de\/index.php?rest_route=\/wp\/v2\/pages"}],"about":[{"href":"https:\/\/brandschutz-friedrich.de\/index.php?rest_route=\/wp\/v2\/types\/page"}],"author":[{"embeddable":true,"href":"https:\/\/brandschutz-friedrich.de\/index.php?rest_route=\/wp\/v2\/users\/1"}],"replies":[{"embeddable":true,"href":"https:\/\/brandschutz-friedrich.de\/index.php?rest_route=%2Fwp%2Fv2%2Fcomments&post=24"}],"version-history":[{"count":8,"href":"https:\/\/brandschutz-friedrich.de\/index.php?rest_route=\/wp\/v2\/pages\/24\/revisions"}],"predecessor-version":[{"id":361,"href":"https:\/\/brandschutz-friedrich.de\/index.php?rest_route=\/wp\/v2\/pages\/24\/revisions\/361"}],"wp:attachment":[{"href":"https:\/\/brandschutz-friedrich.de\/index.php?rest_route=%2Fwp%2Fv2%2Fmedia&parent=24"}],"curies":[{"name":"wp","href":"https:\/\/api.w.org\/{rel}","templated":true}]}}