{"id":26,"date":"2017-12-12T09:49:49","date_gmt":"2017-12-12T09:49:49","guid":{"rendered":"http:\/\/brandschutz-friedrich.de\/?page_id=26"},"modified":"2018-01-10T08:59:46","modified_gmt":"2018-01-10T07:59:46","slug":"portfolio","status":"publish","type":"page","link":"https:\/\/brandschutz-friedrich.de\/?page_id=26","title":{"rendered":"Portfolio"},"content":{"rendered":"<h1>Unsere Leistungen im kurzen \u00dcberblick<\/h1>\n<hr \/>\n<h2><a href=\"https:\/\/brandschutz-friedrich.de\/?page_id=73\">Vorbeugender Brandschutz<\/a><\/h2>\n<h3 style=\"padding-left: 30px;\"><a href=\"https:\/\/brandschutz-friedrich.de\/?page_id=75\">Baulicher Brandschutz<\/a><\/h3>\n<ul>\n<li>Fachplanung Brandschutz<\/li>\n<li>Konzepterstellung im Baugenehmigungsverfahren<\/li>\n<li>Fachbauleitung &#8211; Brandschutz<\/li>\n<li>Brandschutztechnische Bestandsaufnahme<\/li>\n<li>Beratung bei baulichen Ma\u00dfnahmen<\/li>\n<\/ul>\n<h3 style=\"padding-left: 30px;\"><a href=\"https:\/\/brandschutz-friedrich.de\/?page_id=77\">Anlagentechnischer Brandschutz<\/a><\/h3>\n<ul>\n<li>Konzeption von Brandmeldeanlagen (nach DIN 14675)<\/li>\n<li>Konzeption und Beratung\n<ul>\n<li>Systeme zur Rauchdetektion<\/li>\n<li>selbstt\u00e4tige Feuerl\u00f6schanlagen (z.B.: Sprinkleranlage, Gasl\u00f6schanlage, &#8230;)<\/li>\n<li>nicht selbstt\u00e4tige Feuerl\u00f6schanlagen (z.B.: Wandhydranten, Steigleitungen, &#8230;)<\/li>\n<li>Rauch- und W\u00e4rmeabzugsanlagen<\/li>\n<li>Feststellanlagen f\u00fcr T\u00fcren (Feuer- und Rauchschutzt\u00fcren)<\/li>\n<li>und vieles mehr&#8230; <a href=\"https:\/\/brandschutz-friedrich.de\/?page_id=21\">Sprechen Sie uns an!<\/a><\/li>\n<\/ul>\n<\/li>\n<\/ul>\n<h2><a href=\"https:\/\/brandschutz-friedrich.de\/?page_id=79\">Organisatorischer Brandschutz<\/a><\/h2>\n<ul>\n<li>Flucht- und Rettungspl\u00e4ne<\/li>\n<li>Brandschutzordnungen (nach DIN 14096)<\/li>\n<li>Evakuierungspl\u00e4ne<\/li>\n<li>Feuerwehrpl\u00e4ne (nach DIN 14095)<\/li>\n<li>j\u00e4hrliche Unterweisung der Mitarbeiter<\/li>\n<li>Ausbildung der Brandschutzhelfer und Selbsthilfekr\u00e4fte<\/li>\n<li>betriebliches Brandschutzmanagement<\/li>\n<li>Unterst\u00fctzung Ihres Brandschutzbeauftragten<\/li>\n<li>Stellung eines externen Brandschutzbeauftragten<\/li>\n<\/ul>\n<h2><a href=\"https:\/\/brandschutz-friedrich.de\/?page_id=208\">Leistungsphasen I &#8211; IX<\/a><\/h2>\n<p style=\"text-align: center;\">\n<!-- Buttons X - Start -->\n<style type=\"text\/css\" scoped>\/*399-start*\/\r\n#btnsx-399{margin-top:0px;margin-bottom:0px;margin-left:0px;margin-right:0px;padding-top:10px;padding-bottom:10px;padding-left:40px;padding-right:40px;}\r\n#btnsx-399 .btnsx-text-primary{font-size:30px;line-height:30px;font-weight:lighter;font-family:Tahoma;color:#0069b4;padding-top:0px;padding-bottom:0px;padding-left:0px;padding-right:0px;}\r\n#btnsx-399:hover .btnsx-text-primary{color:#ff0000;}\r\n#btnsx-399{background-color:#e0e0e0!important;}\r\n#btnsx-399:hover{background-color:#f4f4f4!important;}\r\n#btnsx-399{border-top-width:0px;border-bottom-width:0px;border-left-width:0px;border-right-width:0px;border-style:none;border-top-left-radius:25px;border-top-right-radius:25px;border-bottom-left-radius:25px;border-bottom-right-radius:25px;}\r\n#btnsx-399:hover{border-top-width:10px;border-bottom-width:10px;border-left-width:10px;border-right-width:10px;border-style:solid;border-top-left-radius:50px;border-top-right-radius:50px;border-bottom-left-radius:50px;border-bottom-right-radius:50px;}\r\n#btnsx-399{-webkit-box-shadow:0px ;box-shadow:0px ;}\r\n#btnsx-399:hover{-webkit-box-shadow:1px 1px 15px #999999  ;box-shadow:1px 1px 15px #999999  ;}\r\n\/*399-end*\/\r\n<\/style><div id=\"btnsx-399-wrap\" class=\"btnsx-wrap-center\" align=\"center\">\n<a href=\"https:\/\/brandschutz-friedrich.de\/?page_id=21#anfrageformular\" id=\"btnsx-399\" target=\"_blank\" class=\"btnsx-btn\"  data-font-primary=\"Tahoma\">\n\t<span class=\"btnsx-text-primary \">Jetzt online Anfrage stellen<\/span><\/a>\n<\/div>\n<!-- Buttons X - End -->\n<\/p>\n","protected":false},"excerpt":{"rendered":"<div class=\"slide-text-bg2\"><span>Unsere Leistungen im kurzen \u00dcberblick Vorbeugender Brandschutz Baulicher Brandschutz Fachplanung Brandschutz Konzepterstellung im Baugenehmigungsverfahren<\/span><\/div>\n<div class=\"slide-btn-area-sm\"><a href=\"https:\/\/brandschutz-friedrich.de\/?page_id=26\" class=\"slide-btn-sm\">weiterlesen<\/a><\/div>\n","protected":false},"author":1,"featured_media":0,"parent":0,"menu_order":200,"comment_status":"closed","ping_status":"closed","template":"","meta":{"footnotes":""},"class_list":["post-26","page","type-page","status-publish","hentry"],"_links":{"self":[{"href":"https:\/\/brandschutz-friedrich.de\/index.php?rest_route=\/wp\/v2\/pages\/26"}],"collection":[{"href":"https:\/\/brandschutz-friedrich.de\/index.php?rest_route=\/wp\/v2\/pages"}],"about":[{"href":"https:\/\/brandschutz-friedrich.de\/index.php?rest_route=\/wp\/v2\/types\/page"}],"author":[{"embeddable":true,"href":"https:\/\/brandschutz-friedrich.de\/index.php?rest_route=\/wp\/v2\/users\/1"}],"replies":[{"embeddable":true,"href":"https:\/\/brandschutz-friedrich.de\/index.php?rest_route=%2Fwp%2Fv2%2Fcomments&post=26"}],"version-history":[{"count":32,"href":"https:\/\/brandschutz-friedrich.de\/index.php?rest_route=\/wp\/v2\/pages\/26\/revisions"}],"predecessor-version":[{"id":400,"href":"https:\/\/brandschutz-friedrich.de\/index.php?rest_route=\/wp\/v2\/pages\/26\/revisions\/400"}],"wp:attachment":[{"href":"https:\/\/brandschutz-friedrich.de\/index.php?rest_route=%2Fwp%2Fv2%2Fmedia&parent=26"}],"curies":[{"name":"wp","href":"https:\/\/api.w.org\/{rel}","templated":true}]}}