{"id":73,"date":"2017-12-13T12:01:24","date_gmt":"2017-12-13T11:01:24","guid":{"rendered":"http:\/\/brandschutz-friedrich.de\/?page_id=73"},"modified":"2018-01-10T09:01:38","modified_gmt":"2018-01-10T08:01:38","slug":"vorbeugender-brandschutz","status":"publish","type":"page","link":"https:\/\/brandschutz-friedrich.de\/?page_id=73","title":{"rendered":"Vorbeugender Brandschutz"},"content":{"rendered":"<h1>Vorbeugender Brandschutz<\/h1>\n<p>Der vorbeugende Brandschutz umfasst s\u00e4mtliche Ma\u00dfnahmen, die getroffen werden, um eine Entstehung oder im weiteren Verlauf die Ausbreitung eines Brandes zu verhindern oder zu minimieren. Somit f\u00e4llt in Gro\u00dfteil unserer T\u00e4tigkeit unter diese Sammlung.<\/p>\n<hr \/>\n<p><em>Ein Gerichtsurteil zum Thema Brandschutz (OVG M\u00fcnster 10A 363\/86):<\/em><\/p>\n<blockquote><p>Es entspricht der Lebenserfahrung, dass mit der Entstehung eines Brandes praktisch jederzeit gerechnet werden muss.<\/p>\n<p>Der Umstand, dass in vielen Geb\u00e4uden jahrzehntelang kein Brand ausbricht, beweist nicht, dass keine Gefahr besteht, sondern stellt f\u00fcr die Betroffenen einen Gl\u00fccksfall dar, <strong>mit dessen Ende &gt;&gt;<em>jederzeit&lt;&lt;<\/em> gerechnet werden muss!<\/strong><\/p><\/blockquote>\n<p style=\"text-align: center;\">\n<!-- Buttons X - Start -->\n<style type=\"text\/css\" scoped>\/*399-start*\/\r\n#btnsx-399{margin-top:0px;margin-bottom:0px;margin-left:0px;margin-right:0px;padding-top:10px;padding-bottom:10px;padding-left:40px;padding-right:40px;}\r\n#btnsx-399 .btnsx-text-primary{font-size:30px;line-height:30px;font-weight:lighter;font-family:Tahoma;color:#0069b4;padding-top:0px;padding-bottom:0px;padding-left:0px;padding-right:0px;}\r\n#btnsx-399:hover .btnsx-text-primary{color:#ff0000;}\r\n#btnsx-399{background-color:#e0e0e0!important;}\r\n#btnsx-399:hover{background-color:#f4f4f4!important;}\r\n#btnsx-399{border-top-width:0px;border-bottom-width:0px;border-left-width:0px;border-right-width:0px;border-style:none;border-top-left-radius:25px;border-top-right-radius:25px;border-bottom-left-radius:25px;border-bottom-right-radius:25px;}\r\n#btnsx-399:hover{border-top-width:10px;border-bottom-width:10px;border-left-width:10px;border-right-width:10px;border-style:solid;border-top-left-radius:50px;border-top-right-radius:50px;border-bottom-left-radius:50px;border-bottom-right-radius:50px;}\r\n#btnsx-399{-webkit-box-shadow:0px ;box-shadow:0px ;}\r\n#btnsx-399:hover{-webkit-box-shadow:1px 1px 15px #999999  ;box-shadow:1px 1px 15px #999999  ;}\r\n\/*399-end*\/\r\n<\/style><div id=\"btnsx-399-wrap\" class=\"btnsx-wrap-center\" align=\"center\">\n<a href=\"https:\/\/brandschutz-friedrich.de\/?page_id=21#anfrageformular\" id=\"btnsx-399\" target=\"_blank\" class=\"btnsx-btn\"  data-font-primary=\"Tahoma\">\n\t<span class=\"btnsx-text-primary \">Jetzt online Anfrage stellen<\/span><\/a>\n<\/div>\n<!-- Buttons X - End -->\n<\/p>\n","protected":false},"excerpt":{"rendered":"<div class=\"slide-text-bg2\"><span>Vorbeugender Brandschutz Der vorbeugende Brandschutz umfasst s\u00e4mtliche Ma\u00dfnahmen, die getroffen werden, um eine Entstehung oder im weiteren Verlauf die A<\/span><\/div>\n<div class=\"slide-btn-area-sm\"><a href=\"https:\/\/brandschutz-friedrich.de\/?page_id=73\" class=\"slide-btn-sm\">weiterlesen<\/a><\/div>\n","protected":false},"author":1,"featured_media":0,"parent":26,"menu_order":300,"comment_status":"closed","ping_status":"closed","template":"","meta":{"footnotes":""},"class_list":["post-73","page","type-page","status-publish","hentry"],"_links":{"self":[{"href":"https:\/\/brandschutz-friedrich.de\/index.php?rest_route=\/wp\/v2\/pages\/73"}],"collection":[{"href":"https:\/\/brandschutz-friedrich.de\/index.php?rest_route=\/wp\/v2\/pages"}],"about":[{"href":"https:\/\/brandschutz-friedrich.de\/index.php?rest_route=\/wp\/v2\/types\/page"}],"author":[{"embeddable":true,"href":"https:\/\/brandschutz-friedrich.de\/index.php?rest_route=\/wp\/v2\/users\/1"}],"replies":[{"embeddable":true,"href":"https:\/\/brandschutz-friedrich.de\/index.php?rest_route=%2Fwp%2Fv2%2Fcomments&post=73"}],"version-history":[{"count":7,"href":"https:\/\/brandschutz-friedrich.de\/index.php?rest_route=\/wp\/v2\/pages\/73\/revisions"}],"predecessor-version":[{"id":401,"href":"https:\/\/brandschutz-friedrich.de\/index.php?rest_route=\/wp\/v2\/pages\/73\/revisions\/401"}],"up":[{"embeddable":true,"href":"https:\/\/brandschutz-friedrich.de\/index.php?rest_route=\/wp\/v2\/pages\/26"}],"wp:attachment":[{"href":"https:\/\/brandschutz-friedrich.de\/index.php?rest_route=%2Fwp%2Fv2%2Fmedia&parent=73"}],"curies":[{"name":"wp","href":"https:\/\/api.w.org\/{rel}","templated":true}]}}